{"id":10261,"date":"2024-07-31T12:10:25","date_gmt":"2024-07-31T12:10:25","guid":{"rendered":"https:\/\/moroccantravel.com\/viajes-al-desierto-de-marruecos-desde-tanger\/"},"modified":"2025-10-09T09:30:18","modified_gmt":"2025-10-09T09:30:18","slug":"viajes-al-desierto-de-marruecos-desde-tanger","status":"publish","type":"page","link":"https:\/\/moroccantravel.com\/es\/viajes-al-desierto-de-marruecos-desde-tanger\/","title":{"rendered":"Viajes a Marruecos desde T\u00e1nger"},"content":{"rendered":"","protected":false},"excerpt":{"rendered":"","protected":false},"author":1,"featured_media":11548,"parent":0,"menu_order":0,"comment_status":"closed","ping_status":"closed","template":"","meta":{"_joinchat":[],"footnotes":""},"class_list":["post-10261","page","type-page","status-publish","has-post-thumbnail","hentry"],"yoast_head":"<!-- This site is optimized with the Yoast SEO Premium plugin v27.4 (Yoast SEO v27.4) - https:\/\/yoast.com\/product\/yoast-seo-premium-wordpress\/ -->\n<title>Las mejores vacaciones en Marruecos desde T\u00e1nger<\/title>\n<meta name=\"description\" content=\"Las mejores vacaciones en Marruecos desde T\u00e1nger para explorar todo lo que Marruecos tiene para ofrecer. Nuestra ruta de T\u00e1nger al desierto del S\u00e1hara se puede modificar.\" \/>\n<meta name=\"robots\" content=\"index, follow, max-snippet:-1, max-image-preview:large, max-video-preview:-1\" \/>\n<link rel=\"canonical\" href=\"https:\/\/moroccantravel.com\/es\/viajes-al-desierto-de-marruecos-desde-tanger\/\" \/>\n<meta property=\"og:locale\" content=\"es_ES\" \/>\n<meta property=\"og:type\" content=\"article\" \/>\n<meta property=\"og:title\" content=\"Viajes a Marruecos desde T\u00e1nger\" \/>\n<meta property=\"og:description\" content=\"Las mejores vacaciones en Marruecos desde T\u00e1nger para explorar todo lo que Marruecos tiene para ofrecer. Nuestra ruta de T\u00e1nger al desierto del S\u00e1hara se puede modificar.\" \/>\n<meta property=\"og:url\" content=\"https:\/\/moroccantravel.com\/es\/viajes-al-desierto-de-marruecos-desde-tanger\/\" \/>\n<meta property=\"og:site_name\" content=\"Moroccan Travel\" \/>\n<meta property=\"article:publisher\" content=\"https:\/\/www.facebook.com\/moroccantravell\" \/>\n<meta property=\"article:modified_time\" content=\"2025-10-09T09:30:18+00:00\" \/>\n<meta property=\"og:image\" content=\"https:\/\/moroccantravel.com\/wp-content\/uploads\/2024\/07\/Tangier-Sahara-Desert-Tours-1-1-jpg.avif\" \/>\n\t<meta property=\"og:image:width\" content=\"1800\" \/>\n\t<meta property=\"og:image:height\" content=\"800\" \/>\n\t<meta property=\"og:image:type\" content=\"image\/jpeg\" \/>\n<meta name=\"twitter:card\" content=\"summary_large_image\" \/>\n<meta name=\"twitter:site\" content=\"@TravelMoroccan\" \/>\n<meta name=\"twitter:label1\" content=\"Tiempo de lectura\" \/>\n\t<meta name=\"twitter:data1\" content=\"7 minutos\" \/>\n<script type=\"application\/ld+json\" class=\"yoast-schema-graph\">{\"@context\":\"https:\\\/\\\/schema.org\",\"@graph\":[{\"@type\":\"WebPage\",\"@id\":\"https:\\\/\\\/moroccantravel.com\\\/es\\\/viajes-al-desierto-de-marruecos-desde-tanger\\\/\",\"url\":\"https:\\\/\\\/moroccantravel.com\\\/es\\\/viajes-al-desierto-de-marruecos-desde-tanger\\\/\",\"name\":\"Las mejores vacaciones en Marruecos desde T\u00e1nger\",\"isPartOf\":{\"@id\":\"https:\\\/\\\/moroccantravel.com\\\/es\\\/#website\"},\"primaryImageOfPage\":{\"@id\":\"https:\\\/\\\/moroccantravel.com\\\/es\\\/viajes-al-desierto-de-marruecos-desde-tanger\\\/#primaryimage\"},\"image\":{\"@id\":\"https:\\\/\\\/moroccantravel.com\\\/es\\\/viajes-al-desierto-de-marruecos-desde-tanger\\\/#primaryimage\"},\"thumbnailUrl\":\"https:\\\/\\\/moroccantravel.com\\\/wp-content\\\/uploads\\\/2026\\\/04\\\/tangier-coastline-morocco-desert-tours-departure.avif\",\"datePublished\":\"2024-07-31T12:10:25+00:00\",\"dateModified\":\"2025-10-09T09:30:18+00:00\",\"description\":\"Las mejores vacaciones en Marruecos desde T\u00e1nger para explorar todo lo que Marruecos tiene para ofrecer. Nuestra ruta de T\u00e1nger al desierto del S\u00e1hara se puede modificar.\",\"breadcrumb\":{\"@id\":\"https:\\\/\\\/moroccantravel.com\\\/es\\\/viajes-al-desierto-de-marruecos-desde-tanger\\\/#breadcrumb\"},\"inLanguage\":\"es\",\"potentialAction\":[{\"@type\":\"ReadAction\",\"target\":[\"https:\\\/\\\/moroccantravel.com\\\/es\\\/viajes-al-desierto-de-marruecos-desde-tanger\\\/\"]}]},{\"@type\":\"ImageObject\",\"inLanguage\":\"es\",\"@id\":\"https:\\\/\\\/moroccantravel.com\\\/es\\\/viajes-al-desierto-de-marruecos-desde-tanger\\\/#primaryimage\",\"url\":\"https:\\\/\\\/moroccantravel.com\\\/wp-content\\\/uploads\\\/2026\\\/04\\\/tangier-coastline-morocco-desert-tours-departure.avif\",\"contentUrl\":\"https:\\\/\\\/moroccantravel.com\\\/wp-content\\\/uploads\\\/2026\\\/04\\\/tangier-coastline-morocco-desert-tours-departure.avif\",\"width\":1920,\"height\":1080,\"caption\":\"Beautiful twilight view of the Tangier coastline and port, the perfect northern starting destination for a grand Morocco desert tour.\"},{\"@type\":\"BreadcrumbList\",\"@id\":\"https:\\\/\\\/moroccantravel.com\\\/es\\\/viajes-al-desierto-de-marruecos-desde-tanger\\\/#breadcrumb\",\"itemListElement\":[{\"@type\":\"ListItem\",\"position\":1,\"name\":\"Home\",\"item\":\"https:\\\/\\\/moroccantravel.com\\\/es\\\/\"},{\"@type\":\"ListItem\",\"position\":2,\"name\":\"Viajes a Marruecos desde T\u00e1nger\"}]},{\"@type\":\"WebSite\",\"@id\":\"https:\\\/\\\/moroccantravel.com\\\/es\\\/#website\",\"url\":\"https:\\\/\\\/moroccantravel.com\\\/es\\\/\",\"name\":\"Moroccan Travel\",\"description\":\"Visitas oficiales en Marruecos\",\"publisher\":{\"@id\":\"https:\\\/\\\/moroccantravel.com\\\/es\\\/#organization\"},\"alternateName\":\"Moroccan Travel Agency\",\"potentialAction\":[{\"@type\":\"SearchAction\",\"target\":{\"@type\":\"EntryPoint\",\"urlTemplate\":\"https:\\\/\\\/moroccantravel.com\\\/es\\\/?s={search_term_string}\"},\"query-input\":{\"@type\":\"PropertyValueSpecification\",\"valueRequired\":true,\"valueName\":\"search_term_string\"}}],\"inLanguage\":\"es\"},{\"@type\":\"Organization\",\"@id\":\"https:\\\/\\\/moroccantravel.com\\\/es\\\/#organization\",\"name\":\"Moroccan Travel\",\"alternateName\":\"MT\",\"url\":\"https:\\\/\\\/moroccantravel.com\\\/es\\\/\",\"logo\":{\"@type\":\"ImageObject\",\"inLanguage\":\"es\",\"@id\":\"https:\\\/\\\/moroccantravel.com\\\/es\\\/#\\\/schema\\\/logo\\\/image\\\/\",\"url\":\"https:\\\/\\\/moroccantravel.com\\\/wp-content\\\/uploads\\\/2026\\\/04\\\/morocco-travel-agency-best-morocco-tour-packages.png\",\"contentUrl\":\"https:\\\/\\\/moroccantravel.com\\\/wp-content\\\/uploads\\\/2026\\\/04\\\/morocco-travel-agency-best-morocco-tour-packages.png\",\"width\":2560,\"height\":2560,\"caption\":\"Moroccan Travel\"},\"image\":{\"@id\":\"https:\\\/\\\/moroccantravel.com\\\/es\\\/#\\\/schema\\\/logo\\\/image\\\/\"},\"sameAs\":[\"https:\\\/\\\/www.facebook.com\\\/moroccantravell\",\"https:\\\/\\\/x.com\\\/TravelMoroccan\",\"https:\\\/\\\/www.instagram.com\\\/moroccantravel.com_\\\/\",\"https:\\\/\\\/www.pinterest.com\\\/moroccantravel\\\/\",\"https:\\\/\\\/www.youtube.com\\\/@MoroccanTravel\"],\"description\":\"Morocco Travel is a travel agency based in Morocco, We are specialized in organising Morocco Travel package and Morocco tour package from travelers who are intrested in traveling to Morocco\",\"email\":\"moroccantravelguides@gmail.com\",\"telephone\":\"+212629277775\",\"legalName\":\"Moroccan Travel LTD\",\"foundingDate\":\"2023-03-23\",\"numberOfEmployees\":{\"@type\":\"QuantitativeValue\",\"minValue\":\"1\",\"maxValue\":\"10\"},\"publishingPrinciples\":\"https:\\\/\\\/moroccantravel.com\\\/about-us\\\/\",\"ownershipFundingInfo\":\"https:\\\/\\\/moroccantravel.com\\\/about-us\\\/\",\"actionableFeedbackPolicy\":\"https:\\\/\\\/moroccantravel.com\\\/privacy-policy\\\/\"}]}<\/script>\n<!-- \/ Yoast SEO Premium plugin. -->","yoast_head_json":{"title":"Las mejores vacaciones en Marruecos desde T\u00e1nger","description":"Las mejores vacaciones en Marruecos desde T\u00e1nger para explorar todo lo que Marruecos tiene para ofrecer. Nuestra ruta de T\u00e1nger al desierto del S\u00e1hara se puede modificar.","robots":{"index":"index","follow":"follow","max-snippet":"max-snippet:-1","max-image-preview":"max-image-preview:large","max-video-preview":"max-video-preview:-1"},"canonical":"https:\/\/moroccantravel.com\/es\/viajes-al-desierto-de-marruecos-desde-tanger\/","og_locale":"es_ES","og_type":"article","og_title":"Viajes a Marruecos desde T\u00e1nger","og_description":"Las mejores vacaciones en Marruecos desde T\u00e1nger para explorar todo lo que Marruecos tiene para ofrecer. Nuestra ruta de T\u00e1nger al desierto del S\u00e1hara se puede modificar.","og_url":"https:\/\/moroccantravel.com\/es\/viajes-al-desierto-de-marruecos-desde-tanger\/","og_site_name":"Moroccan Travel","article_publisher":"https:\/\/www.facebook.com\/moroccantravell","article_modified_time":"2025-10-09T09:30:18+00:00","og_image":[{"width":1800,"height":800,"url":"https:\/\/moroccantravel.com\/wp-content\/uploads\/2024\/07\/Tangier-Sahara-Desert-Tours-1-1-jpg.avif","type":"image\/jpeg"}],"twitter_card":"summary_large_image","twitter_site":"@TravelMoroccan","twitter_misc":{"Tiempo de lectura":"7 minutos"},"schema":{"@context":"https:\/\/schema.org","@graph":[{"@type":"WebPage","@id":"https:\/\/moroccantravel.com\/es\/viajes-al-desierto-de-marruecos-desde-tanger\/","url":"https:\/\/moroccantravel.com\/es\/viajes-al-desierto-de-marruecos-desde-tanger\/","name":"Las mejores vacaciones en Marruecos desde T\u00e1nger","isPartOf":{"@id":"https:\/\/moroccantravel.com\/es\/#website"},"primaryImageOfPage":{"@id":"https:\/\/moroccantravel.com\/es\/viajes-al-desierto-de-marruecos-desde-tanger\/#primaryimage"},"image":{"@id":"https:\/\/moroccantravel.com\/es\/viajes-al-desierto-de-marruecos-desde-tanger\/#primaryimage"},"thumbnailUrl":"https:\/\/moroccantravel.com\/wp-content\/uploads\/2026\/04\/tangier-coastline-morocco-desert-tours-departure.avif","datePublished":"2024-07-31T12:10:25+00:00","dateModified":"2025-10-09T09:30:18+00:00","description":"Las mejores vacaciones en Marruecos desde T\u00e1nger para explorar todo lo que Marruecos tiene para ofrecer. Nuestra ruta de T\u00e1nger al desierto del S\u00e1hara se puede modificar.","breadcrumb":{"@id":"https:\/\/moroccantravel.com\/es\/viajes-al-desierto-de-marruecos-desde-tanger\/#breadcrumb"},"inLanguage":"es","potentialAction":[{"@type":"ReadAction","target":["https:\/\/moroccantravel.com\/es\/viajes-al-desierto-de-marruecos-desde-tanger\/"]}]},{"@type":"ImageObject","inLanguage":"es","@id":"https:\/\/moroccantravel.com\/es\/viajes-al-desierto-de-marruecos-desde-tanger\/#primaryimage","url":"https:\/\/moroccantravel.com\/wp-content\/uploads\/2026\/04\/tangier-coastline-morocco-desert-tours-departure.avif","contentUrl":"https:\/\/moroccantravel.com\/wp-content\/uploads\/2026\/04\/tangier-coastline-morocco-desert-tours-departure.avif","width":1920,"height":1080,"caption":"Beautiful twilight view of the Tangier coastline and port, the perfect northern starting destination for a grand Morocco desert tour."},{"@type":"BreadcrumbList","@id":"https:\/\/moroccantravel.com\/es\/viajes-al-desierto-de-marruecos-desde-tanger\/#breadcrumb","itemListElement":[{"@type":"ListItem","position":1,"name":"Home","item":"https:\/\/moroccantravel.com\/es\/"},{"@type":"ListItem","position":2,"name":"Viajes a Marruecos desde T\u00e1nger"}]},{"@type":"WebSite","@id":"https:\/\/moroccantravel.com\/es\/#website","url":"https:\/\/moroccantravel.com\/es\/","name":"Moroccan Travel","description":"Visitas oficiales en Marruecos","publisher":{"@id":"https:\/\/moroccantravel.com\/es\/#organization"},"alternateName":"Moroccan Travel Agency","potentialAction":[{"@type":"SearchAction","target":{"@type":"EntryPoint","urlTemplate":"https:\/\/moroccantravel.com\/es\/?s={search_term_string}"},"query-input":{"@type":"PropertyValueSpecification","valueRequired":true,"valueName":"search_term_string"}}],"inLanguage":"es"},{"@type":"Organization","@id":"https:\/\/moroccantravel.com\/es\/#organization","name":"Moroccan Travel","alternateName":"MT","url":"https:\/\/moroccantravel.com\/es\/","logo":{"@type":"ImageObject","inLanguage":"es","@id":"https:\/\/moroccantravel.com\/es\/#\/schema\/logo\/image\/","url":"https:\/\/moroccantravel.com\/wp-content\/uploads\/2026\/04\/morocco-travel-agency-best-morocco-tour-packages.png","contentUrl":"https:\/\/moroccantravel.com\/wp-content\/uploads\/2026\/04\/morocco-travel-agency-best-morocco-tour-packages.png","width":2560,"height":2560,"caption":"Moroccan Travel"},"image":{"@id":"https:\/\/moroccantravel.com\/es\/#\/schema\/logo\/image\/"},"sameAs":["https:\/\/www.facebook.com\/moroccantravell","https:\/\/x.com\/TravelMoroccan","https:\/\/www.instagram.com\/moroccantravel.com_\/","https:\/\/www.pinterest.com\/moroccantravel\/","https:\/\/www.youtube.com\/@MoroccanTravel"],"description":"Morocco Travel is a travel agency based in Morocco, We are specialized in organising Morocco Travel package and Morocco tour package from travelers who are intrested in traveling to Morocco","email":"moroccantravelguides@gmail.com","telephone":"+212629277775","legalName":"Moroccan Travel LTD","foundingDate":"2023-03-23","numberOfEmployees":{"@type":"QuantitativeValue","minValue":"1","maxValue":"10"},"publishingPrinciples":"https:\/\/moroccantravel.com\/about-us\/","ownershipFundingInfo":"https:\/\/moroccantravel.com\/about-us\/","actionableFeedbackPolicy":"https:\/\/moroccantravel.com\/privacy-policy\/"}]}},"_links":{"self":[{"href":"https:\/\/moroccantravel.com\/es\/wp-json\/wp\/v2\/pages\/10261","targetHints":{"allow":["GET"]}}],"collection":[{"href":"https:\/\/moroccantravel.com\/es\/wp-json\/wp\/v2\/pages"}],"about":[{"href":"https:\/\/moroccantravel.com\/es\/wp-json\/wp\/v2\/types\/page"}],"author":[{"embeddable":true,"href":"https:\/\/moroccantravel.com\/es\/wp-json\/wp\/v2\/users\/1"}],"replies":[{"embeddable":true,"href":"https:\/\/moroccantravel.com\/es\/wp-json\/wp\/v2\/comments?post=10261"}],"version-history":[{"count":0,"href":"https:\/\/moroccantravel.com\/es\/wp-json\/wp\/v2\/pages\/10261\/revisions"}],"wp:featuredmedia":[{"embeddable":true,"href":"https:\/\/moroccantravel.com\/es\/wp-json\/wp\/v2\/media\/11548"}],"wp:attachment":[{"href":"https:\/\/moroccantravel.com\/es\/wp-json\/wp\/v2\/media?parent=10261"}],"curies":[{"name":"wp","href":"https:\/\/api.w.org\/{rel}","templated":true}]}}